{"id":2856,"date":"2025-02-03T12:04:48","date_gmt":"2025-02-03T12:04:48","guid":{"rendered":"https:\/\/www.cena-bau.at\/?page_id=2856"},"modified":"2025-02-12T10:23:58","modified_gmt":"2025-02-12T10:23:58","slug":"impressum","status":"publish","type":"page","link":"https:\/\/www.cena-bau.at\/index.php\/impressum\/","title":{"rendered":"Impressum"},"content":{"rendered":"\t\t<div data-elementor-type=\"wp-page\" data-elementor-id=\"2856\" class=\"elementor elementor-2856\">\n\t\t\t\t<div class=\"elementor-element elementor-element-ce69bde e-flex e-con-boxed e-con e-parent\" data-id=\"ce69bde\" data-element_type=\"container\">\n\t\t\t\t\t<div class=\"e-con-inner\">\n\t\t\t\t<div class=\"elementor-element elementor-element-30c75a3 elementor-widget elementor-widget-heading\" data-id=\"30c75a3\" data-element_type=\"widget\" data-widget_type=\"heading.default\">\n\t\t\t\t<div class=\"elementor-widget-container\">\n\t\t\t\t\t<h3 class=\"elementor-heading-title elementor-size-default\">Impressum<\/h3>\t\t\t\t<\/div>\n\t\t\t\t<\/div>\n\t\t\t\t\t<\/div>\n\t\t\t\t<\/div>\n\t\t<div class=\"elementor-element elementor-element-dec8516 e-flex e-con-boxed e-con e-parent\" data-id=\"dec8516\" data-element_type=\"container\">\n\t\t\t\t\t<div class=\"e-con-inner\">\n\t\t\t\t<div class=\"elementor-element elementor-element-e29d28b elementor-widget elementor-widget-text-editor\" data-id=\"e29d28b\" data-element_type=\"widget\" data-widget_type=\"text-editor.default\">\n\t\t\t\t<div class=\"elementor-widget-container\">\n\t\t\t\t\t\t\t\t\t<h5><strong>Verantwortlich f\u00fcr diese Website<\/strong><\/h5><p><strong>Cena Bau GmbH<\/strong><br \/>Samir Cena<br \/>B\u00e4ckerstra\u00dfe 3, 4072 Alkoven<\/p><p><strong>Kontakt:<\/strong><br \/>Tel: +43 (0) 7274 71443<br \/>Fax: +43 (0) 7274 71443 1<br \/>E-Mail: <a rel=\"noopener\">office@cena-bau.at<\/a><br \/>Website: <a href=\"http:\/\/www.cena-bau.at\" target=\"_new\" rel=\"noopener\">www.cena-bau.at<\/a><\/p><p><strong>UID-Nummer<\/strong>: ATU65328157<br \/><strong>Firmenname<\/strong>: Cena Bau GmbH<br \/><strong>Firmenbuchnummer<\/strong>: 337291t<br \/><strong>Firmengericht<\/strong>: Landesgericht Wels<br \/><strong>Beh\u00f6rde gem\u00e4\u00df E-Commerce Gesetz (ECG)<\/strong>: Bezirkshauptmannschaft Eferding<\/p><hr \/><h4><strong>Design und Konzeption<\/strong><\/h4><p><img decoding=\"async\" class=\"wp-image-2769 alignnone\" src=\"https:\/\/www.cena-bau.at\/wp-content\/uploads\/2024\/09\/Untitled-design-4-300x61.png\" alt=\"\" width=\"139\" height=\"28\" srcset=\"https:\/\/www.cena-bau.at\/wp-content\/uploads\/2024\/09\/Untitled-design-4-300x61.png 300w, https:\/\/www.cena-bau.at\/wp-content\/uploads\/2024\/09\/Untitled-design-4.png 392w\" sizes=\"(max-width: 139px) 100vw, 139px\" \/><\/p><p><strong>Kontakt:<\/strong><br \/>Tel: +43 7274 71443<br \/>E-Mail: <a href=\"mailto:office@cena-bau.at\">office@cena-bau.at<\/a><br \/>Website: www.cena-bau.at<\/p><hr \/><h4><strong>Bildernachweis<\/strong><\/h4><ul><li>Cena GmbH<\/li><\/ul><hr \/><h4><strong>Haftung f\u00fcr Inhalte<\/strong><\/h4><p>Die Inhalte unserer Website wurden mit gr\u00f6\u00dfter Sorgfalt erstellt. Wir \u00fcbernehmen jedoch keine Gew\u00e4hr f\u00fcr die Richtigkeit, Vollst\u00e4ndigkeit und Aktualit\u00e4t der Inhalte.<\/p><p>Als Diensteanbieter sind wir gem\u00e4\u00df \u00a7 6 Abs. 1 MDStV und \u00a7 8 Abs. 1 TDG f\u00fcr eigene Inhalte auf diesen Seiten nach den allgemeinen Gesetzen verantwortlich. Wir sind jedoch nicht verpflichtet, die von uns \u00fcbermittelten oder gespeicherten fremden Informationen zu \u00fcberwachen oder nach Umst\u00e4nden zu suchen, die auf eine rechtswidrige T\u00e4tigkeit hinweisen. Verpflichtungen zur Entfernung oder Sperrung der Nutzung von Informationen nach den allgemeinen Gesetzen bleiben unber\u00fchrt. Eine Haftung ist jedoch erst ab dem Zeitpunkt der Kenntnis einer konkreten Rechtsverletzung m\u00f6glich. Bei Bekanntwerden von entsprechenden Rechtsverletzungen werden wir diese Inhalte umgehend entfernen.<\/p><hr \/><h4><strong>Haftung f\u00fcr Links<\/strong><\/h4><p>Unser Angebot enth\u00e4lt Links zu externen Webseiten Dritter, auf deren Inhalte wir keinen Einfluss haben. Wir \u00fcbernehmen daher keine Gew\u00e4hr f\u00fcr diese fremden Inhalte. F\u00fcr die Inhalte der verlinkten Seiten ist stets der jeweilige Anbieter oder Betreiber der Seiten verantwortlich. Die verlinkten Seiten wurden zum Zeitpunkt der Verlinkung auf m\u00f6gliche Rechtsverst\u00f6\u00dfe \u00fcberpr\u00fcft. Rechtswidrige Inhalte waren zum Zeitpunkt der Verlinkung nicht erkennbar. Eine permanente inhaltliche Kontrolle der verlinkten Seiten ist ohne konkrete Anhaltspunkte einer Rechtsverletzung nicht zumutbar. Bei Bekanntwerden von Rechtsverletzungen werden wir derartige Links umgehend entfernen.<\/p><hr \/><h4><strong>Urheberrecht<\/strong><\/h4><p>Die Betreiber dieser Website sind bem\u00fcht, stets die Urheberrechte anderer zu beachten und auf selbst erstellte sowie lizenzfreie Werke zur\u00fcckzugreifen.<\/p><p>Die durch die Seitenbetreiber erstellten Inhalte und Werke auf diesen Seiten unterliegen dem \u00f6sterreichischen Urheberrecht. Beitr\u00e4ge Dritter sind als solche gekennzeichnet. Die Vervielf\u00e4ltigung, Bearbeitung, Verbreitung und jede Art der Verwertung au\u00dferhalb der Grenzen des Urheberrechts bed\u00fcrfen der schriftlichen Zustimmung des jeweiligen Autors bzw. Erstellers. Downloads und Kopien dieser Seite sind nur f\u00fcr den privaten, nicht kommerziellen Gebrauch gestattet.<\/p>\t\t\t\t\t\t\t\t<\/div>\n\t\t\t\t<\/div>\n\t\t\t\t\t<\/div>\n\t\t\t\t<\/div>\n\t\t\t\t<\/div>\n\t\t","protected":false},"excerpt":{"rendered":"<p>Impressum Verantwortlich f\u00fcr diese Website Cena Bau GmbHSamir CenaB\u00e4ckerstra\u00dfe 3, 4072 Alkoven Kontakt:Tel: +43 (0) 7274 71443Fax: +43 (0) 7274 71443 1E-Mail: office@cena-bau.atWebsite: www.cena-bau.at UID-Nummer: ATU65328157Firmenname: Cena Bau GmbHFirmenbuchnummer: 337291tFirmengericht: Landesgericht WelsBeh\u00f6rde gem\u00e4\u00df E-Commerce Gesetz (ECG): Bezirkshauptmannschaft Eferding Design und Konzeption Kontakt:Tel: +43 7274 71443E-Mail: office@cena-bau.atWebsite: www.cena-bau.at Bildernachweis Cena GmbH Haftung f\u00fcr Inhalte Die Inhalte [&hellip;]<\/p>\n","protected":false},"author":2,"featured_media":0,"parent":0,"menu_order":0,"comment_status":"closed","ping_status":"closed","template":"","meta":{"footnotes":""},"class_list":["post-2856","page","type-page","status-publish","hentry"],"aioseo_notices":[],"_links":{"self":[{"href":"https:\/\/www.cena-bau.at\/index.php\/wp-json\/wp\/v2\/pages\/2856","targetHints":{"allow":["GET"]}}],"collection":[{"href":"https:\/\/www.cena-bau.at\/index.php\/wp-json\/wp\/v2\/pages"}],"about":[{"href":"https:\/\/www.cena-bau.at\/index.php\/wp-json\/wp\/v2\/types\/page"}],"author":[{"embeddable":true,"href":"https:\/\/www.cena-bau.at\/index.php\/wp-json\/wp\/v2\/users\/2"}],"replies":[{"embeddable":true,"href":"https:\/\/www.cena-bau.at\/index.php\/wp-json\/wp\/v2\/comments?post=2856"}],"version-history":[{"count":19,"href":"https:\/\/www.cena-bau.at\/index.php\/wp-json\/wp\/v2\/pages\/2856\/revisions"}],"predecessor-version":[{"id":3034,"href":"https:\/\/www.cena-bau.at\/index.php\/wp-json\/wp\/v2\/pages\/2856\/revisions\/3034"}],"wp:attachment":[{"href":"https:\/\/www.cena-bau.at\/index.php\/wp-json\/wp\/v2\/media?parent=2856"}],"curies":[{"name":"wp","href":"https:\/\/api.w.org\/{rel}","templated":true}]}}