{"id":24,"date":"2024-09-22T11:30:28","date_gmt":"2024-09-22T11:30:28","guid":{"rendered":"https:\/\/buildgo.themeori.com\/?page_id=24"},"modified":"2025-02-04T12:24:40","modified_gmt":"2025-02-04T12:24:40","slug":"services","status":"publish","type":"page","link":"https:\/\/www.cena-bau.at\/index.php\/services\/","title":{"rendered":"Leistungen"},"content":{"rendered":"\t\t<div data-elementor-type=\"wp-page\" data-elementor-id=\"24\" class=\"elementor elementor-24\">\n\t\t\t\t<div class=\"elementor-element elementor-element-d0ee191 e-grid e-con-boxed e-con e-parent\" data-id=\"d0ee191\" data-element_type=\"container\">\n\t\t\t\t\t<div class=\"e-con-inner\">\n\t\t\t\t<div class=\"elementor-element elementor-element-0908686 elementor-widget elementor-widget-flexitype-icon-box\" data-id=\"0908686\" data-element_type=\"widget\" data-widget_type=\"flexitype-icon-box.default\">\n\t\t\t\t<div class=\"elementor-widget-container\">\n\t\t\t\t\t\r\n        <div class=\"icon__box-item  \">\r\n                                                                        <div class=\"icon__box-item-icon\">\r\n                        <i aria-hidden=\"true\" class=\"flaticon flaticon-design-thinking\"><\/i>                                            <\/div>\r\n                                        <div class=\"icon__box-item-content\">\r\n                <div class=\"title\">\r\n                                            <h5>\r\n                            Innenputzarbeiten                        <\/h5>\r\n                                                                <p>Pr\u00e4zise und hochwertige Innenputzarbeiten f\u00fcr Ihre W\u00e4nde und Decken. Perfekte Oberfl\u00e4chen f\u00fcr jedes Raumklima.<\/p>\n                                    <\/div>\r\n                            <\/div>\r\n        <\/div>\r\n\r\n        \t\t\t\t<\/div>\n\t\t\t\t<\/div>\n\t\t\t\t<div class=\"elementor-element elementor-element-871cd3c elementor-widget elementor-widget-flexitype-icon-box\" data-id=\"871cd3c\" data-element_type=\"widget\" data-widget_type=\"flexitype-icon-box.default\">\n\t\t\t\t<div class=\"elementor-widget-container\">\n\t\t\t\t\t\r\n        <div class=\"icon__box-item  \">\r\n                                                                        <div class=\"icon__box-item-icon\">\r\n                        <i aria-hidden=\"true\" class=\"flaticon flaticon-project-management\"><\/i>                                            <\/div>\r\n                                        <div class=\"icon__box-item-content\">\r\n                <div class=\"title\">\r\n                                            <h5>\r\n                            Aussenputzarbeiten                        <\/h5>\r\n                                                                <p>Langlebiger und wetterfester Putz f\u00fcr Fassaden \u2013 ideal f\u00fcr jedes Geb\u00e4ude, um es vor den Elementen zu sch\u00fctzen.<\/p>\n                                    <\/div>\r\n                            <\/div>\r\n        <\/div>\r\n\r\n        \t\t\t\t<\/div>\n\t\t\t\t<\/div>\n\t\t\t\t<div class=\"elementor-element elementor-element-a2eca9d elementor-widget elementor-widget-flexitype-icon-box\" data-id=\"a2eca9d\" data-element_type=\"widget\" data-widget_type=\"flexitype-icon-box.default\">\n\t\t\t\t<div class=\"elementor-widget-container\">\n\t\t\t\t\t\r\n        <div class=\"icon__box-item  \">\r\n                                                                        <div class=\"icon__box-item-icon\">\r\n                        <i aria-hidden=\"true\" class=\"flaticon flaticon-brand\"><\/i>                                            <\/div>\r\n                                        <div class=\"icon__box-item-content\">\r\n                <div class=\"title\">\r\n                                            <h5>\r\n                            Putzsanierungen                        <\/h5>\r\n                                                                <p>Fachgerechte Renovierung und Sanierung von Putzfl\u00e4chen \u2013 wir bringen Ihre W\u00e4nde wieder in Bestform.<\/p>\n                                    <\/div>\r\n                            <\/div>\r\n        <\/div>\r\n\r\n        \t\t\t\t<\/div>\n\t\t\t\t<\/div>\n\t\t\t\t<div class=\"elementor-element elementor-element-db13a48 elementor-widget elementor-widget-flexitype-icon-box\" data-id=\"db13a48\" data-element_type=\"widget\" data-widget_type=\"flexitype-icon-box.default\">\n\t\t\t\t<div class=\"elementor-widget-container\">\n\t\t\t\t\t\r\n        <div class=\"icon__box-item  \">\r\n                                                                        <div class=\"icon__box-item-icon\">\r\n                        <i aria-hidden=\"true\" class=\"flaticon flaticon-creative-process\"><\/i>                                            <\/div>\r\n                                        <div class=\"icon__box-item-content\">\r\n                <div class=\"title\">\r\n                                            <h5>\r\n                            W\u00e4rmed\u00e4mmverbundsysteme (WDVS)                        <\/h5>\r\n                                                                <p>Effiziente W\u00e4rmed\u00e4mmung f\u00fcr optimale Energiekostensenkung und ein angenehmes Raumklima.<\/p>\n                                    <\/div>\r\n                            <\/div>\r\n        <\/div>\r\n\r\n        \t\t\t\t<\/div>\n\t\t\t\t<\/div>\n\t\t\t\t\t<\/div>\n\t\t\t\t<\/div>\n\t\t\t\t<\/div>\n\t\t","protected":false},"excerpt":{"rendered":"<p>Innenputzarbeiten Pr\u00e4zise und hochwertige Innenputzarbeiten f\u00fcr Ihre W\u00e4nde und Decken. Perfekte Oberfl\u00e4chen f\u00fcr jedes Raumklima. Aussenputzarbeiten Langlebiger und wetterfester Putz f\u00fcr Fassaden \u2013 ideal f\u00fcr jedes Geb\u00e4ude, um es vor den Elementen zu sch\u00fctzen. Putzsanierungen Fachgerechte Renovierung und Sanierung von Putzfl\u00e4chen \u2013 wir bringen Ihre W\u00e4nde wieder in Bestform. W\u00e4rmed\u00e4mmverbundsysteme (WDVS) Effiziente W\u00e4rmed\u00e4mmung f\u00fcr optimale [&hellip;]<\/p>\n","protected":false},"author":2,"featured_media":0,"parent":0,"menu_order":0,"comment_status":"closed","ping_status":"closed","template":"","meta":{"footnotes":""},"class_list":["post-24","page","type-page","status-publish","hentry"],"aioseo_notices":[],"_links":{"self":[{"href":"https:\/\/www.cena-bau.at\/index.php\/wp-json\/wp\/v2\/pages\/24","targetHints":{"allow":["GET"]}}],"collection":[{"href":"https:\/\/www.cena-bau.at\/index.php\/wp-json\/wp\/v2\/pages"}],"about":[{"href":"https:\/\/www.cena-bau.at\/index.php\/wp-json\/wp\/v2\/types\/page"}],"author":[{"embeddable":true,"href":"https:\/\/www.cena-bau.at\/index.php\/wp-json\/wp\/v2\/users\/2"}],"replies":[{"embeddable":true,"href":"https:\/\/www.cena-bau.at\/index.php\/wp-json\/wp\/v2\/comments?post=24"}],"version-history":[{"count":7,"href":"https:\/\/www.cena-bau.at\/index.php\/wp-json\/wp\/v2\/pages\/24\/revisions"}],"predecessor-version":[{"id":2983,"href":"https:\/\/www.cena-bau.at\/index.php\/wp-json\/wp\/v2\/pages\/24\/revisions\/2983"}],"wp:attachment":[{"href":"https:\/\/www.cena-bau.at\/index.php\/wp-json\/wp\/v2\/media?parent=24"}],"curies":[{"name":"wp","href":"https:\/\/api.w.org\/{rel}","templated":true}]}}